{"id":647,"date":"2021-01-12T18:54:32","date_gmt":"2021-01-12T18:54:32","guid":{"rendered":"http:\/\/neu.praxismey.de\/impressum\/"},"modified":"2021-03-11T11:08:11","modified_gmt":"2021-03-11T11:08:11","slug":"imprint","status":"publish","type":"page","link":"https:\/\/www.praxismey.de\/en\/imprint\/","title":{"rendered":"Imprint"},"content":{"rendered":"<div class=\"module text  animations\">\n    <div class=\"container container--borders\"  data-animation-type=\"border\">\n        <div class=\"text__content\" data-animation-type=\"text-headline\">\n            <p><strong>Information according to \u00a7 5 TMG:<\/strong><\/p>\n<p>Dr. Nadja Mey<br \/>\nPractice Mey<br \/>\nDorfstrasse 32a<br \/>\n40667 Meerbusch B\u00fcderich<\/p>\n<p><strong>Address<\/strong><\/p>\n<p>Practice Mey<br \/>\nDorfstrasse 32a<br \/>\n40667 Meerbusch<\/p>\n<p>Local court D\u00fcsseldorf<br \/>\nHRB D\u00fcsseldorf<\/p>\n<p>T + 49 (0) 2132-755 69 55<br \/>\nF + 49 (0) 2132-755 69 60<br \/>\nE <u>info@praxismey.de<\/u><br \/>\nW <u>www.praxismey.de<\/u><\/p>\n<p><strong>Management and responsible for content<\/strong><\/p>\n<p>Dr Nadja Mey, MD<\/p>\n<p>Approval awarded in Germany<br \/>\nProfessional title (awarded in the Federal Republic of Germany):<br \/>\nSpecialist in internal medicine<br \/>\nNaturopathy<br \/>\nAcupuncture<br \/>\nPsychotherapy<\/p>\n<p><strong>Competent chamber:<\/strong><\/p>\n<p><strong>\u00c4rztekammer Nordrhein<\/strong><br \/>\nTersteegenstra\u00dfe 9<br \/>\n40474 D\u00fcsseldorf<br \/>\n<a href=\"http:\/\/www.aekno.de\"><strong>www.aekno.de<\/strong><\/a><\/p>\n<p><strong>Professional regulations<\/strong><br \/>\nThe following professional regulations apply:<\/p>\n<ul>\n<li>Heil Professions Act NRW<\/li>\n<li>Occupational regulations and further training regulations of the North Rhine Medical Association<\/li>\n<li>Rules of charges for physicians (GO\u00c4)<\/li>\n<li><a href=\"http:\/\/www.gesetze-im-internet.de\/heilmwerbg\/BJNR006049965.html\">Heilmittelwerbegesetz<\/a><\/li>\n<\/ul>\n<p>The above-mentioned regulations can be viewed on the website of the North Rhine Medical Association under the menu item (Home&gt;Physician&gt;Laws\/Regulations)<\/p>\n<p><strong>Disclosures on professional liability insurance <\/strong><br \/>\nName and registered office of the insurer: Janitos Versicherung AG Im Breitspiel 2-4 69031 Heidelberg<\/p>\n<p>Area of validity of the insurance: Germany<\/p>\n<p>We are not obliged to participate in dispute resolution procedures before a consumer arbitration board.<\/p>\n<p><strong>Conception, design and programming<\/strong><br \/>\nulrich identity, Ren\u00e9 Ulrich, Wei\u00dfenburgstra\u00dfe 23, 70180 Stuttgart<\/p>\n<p>The medical information on the online pages of Praxis Mey may not be regarded as a substitute for advice and\/or treatment by recognised doctors, nor may independent diagnoses be made, treatments commenced or discontinued on the basis of the information. By using the online pages of Praxis Mey, you acknowledge the following disclaimer:<\/p>\n<h3><\/h3>\n<p><strong>Disclaimer<\/strong><br \/>\nPraxis Mey accepts no responsibility for the completeness, up-to-dateness, correctness or quality of the information provided. Liability claims against our practice, regardless of their nature, which refer to material or non-material damage caused by the use or non-use of the information provided or by the use of incorrect or incomplete information, are fundamentally excluded, insofar as there is no demonstrable intentional or grossly negligent fault on the part of our practice. Our practice expressly reserves the right to change, supplement or delete parts of the pages or the entire offer without prior notice, or to temporarily or permanently cease publication.<\/p>\n<p><strong>References and external links:<\/strong><br \/>\nIn the case of direct or indirect references to external websites (&#8220;hyperlinks&#8221;) that lie outside our area of responsibility, a liability obligation would only come into force if our practice had knowledge of the content and it would be technically possible and reasonable to prevent use in the case of illegal content. We hereby expressly declare that at the time the links were created, no illegal content was identifiable on the linked pages. Our practice has no influence on the current and future design, content or authorship of the linked pages. We therefore expressly distance ourselves from all contents of all linked pages that were changed after the link was created. This statement applies to all links and references set within our own Internet offer.<\/p>\n<p><strong>Copyright and trademark law<\/strong><br \/>\nAll brands and trademarks mentioned on the website and, if applicable, protected by third parties, are subject without restriction to the provisions of the applicable trademark law and the ownership rights of the respective registered owners. The copyright for published objects created by the author himself remains solely with the author of the pages. Any duplication or use of objects such as diagrams, sounds or texts in other electronic or printed publications is not permitted without the author&#8217;s agreement.<\/p>\n<p><strong>Image source credits<\/strong><\/p>\n<p>Photos Dr. Mey, www.lichtschacht.de, Sabine Lisa Maisenh\u00e4lder<\/p>\n<p>Practice photos, Dr Nadja Mey<\/p>\n<p>https:\/\/de.fotolia.com<\/p>\n<p>114200406 &#8211;&nbsp;snowdrops crocus spring card <a href=\"https:\/\/de.fotolia.com\/p\/204323147\">\u00a9 kichigin19<\/a><\/p>\n<p>37898475 &#8211;<\/p>\n        <\/div>\n    <\/div>\n<\/div>\n","protected":false},"excerpt":{"rendered":"","protected":false},"author":1,"featured_media":0,"parent":0,"menu_order":18,"comment_status":"closed","ping_status":"closed","template":"","meta":{"_acf_changed":false,"footnotes":""},"class_list":["post-647","page","type-page","status-publish","hentry"],"acf":[],"yoast_head":"<!-- This site is optimized with the Yoast SEO plugin v27.4 - https:\/\/yoast.com\/product\/yoast-seo-wordpress\/ -->\n<title>Imprint - Practice Dr. Mey<\/title>\n<meta name=\"robots\" content=\"index, follow, max-snippet:-1, max-image-preview:large, max-video-preview:-1\" \/>\n<link rel=\"canonical\" href=\"https:\/\/www.praxismey.de\/en\/imprint\/\" \/>\n<meta property=\"og:locale\" content=\"en_US\" \/>\n<meta property=\"og:type\" content=\"article\" \/>\n<meta property=\"og:title\" content=\"Imprint - Practice Dr. Mey\" \/>\n<meta property=\"og:url\" content=\"https:\/\/www.praxismey.de\/en\/imprint\/\" \/>\n<meta property=\"og:site_name\" content=\"Practice Dr. Mey\" \/>\n<meta property=\"article:modified_time\" content=\"2021-03-11T11:08:11+00:00\" \/>\n<meta name=\"twitter:card\" content=\"summary_large_image\" \/>\n<script type=\"application\/ld+json\" class=\"yoast-schema-graph\">{\"@context\":\"https:\\\/\\\/schema.org\",\"@graph\":[{\"@type\":\"WebPage\",\"@id\":\"https:\\\/\\\/www.praxismey.de\\\/en\\\/imprint\\\/\",\"url\":\"https:\\\/\\\/www.praxismey.de\\\/en\\\/imprint\\\/\",\"name\":\"Imprint - Practice Dr. Mey\",\"isPartOf\":{\"@id\":\"https:\\\/\\\/www.praxismey.de\\\/en\\\/#website\"},\"datePublished\":\"2021-01-12T18:54:32+00:00\",\"dateModified\":\"2021-03-11T11:08:11+00:00\",\"breadcrumb\":{\"@id\":\"https:\\\/\\\/www.praxismey.de\\\/en\\\/imprint\\\/#breadcrumb\"},\"inLanguage\":\"en-US\",\"potentialAction\":[{\"@type\":\"ReadAction\",\"target\":[\"https:\\\/\\\/www.praxismey.de\\\/en\\\/imprint\\\/\"]}]},{\"@type\":\"BreadcrumbList\",\"@id\":\"https:\\\/\\\/www.praxismey.de\\\/en\\\/imprint\\\/#breadcrumb\",\"itemListElement\":[{\"@type\":\"ListItem\",\"position\":1,\"name\":\"Startseite\",\"item\":\"https:\\\/\\\/www.praxismey.de\\\/en\\\/\"},{\"@type\":\"ListItem\",\"position\":2,\"name\":\"Imprint\"}]},{\"@type\":\"WebSite\",\"@id\":\"https:\\\/\\\/www.praxismey.de\\\/en\\\/#website\",\"url\":\"https:\\\/\\\/www.praxismey.de\\\/en\\\/\",\"name\":\"Praxis Dr. Nadja Mey\",\"description\":\"Holistic medicine in Meerbusch-B\u00fcderich\",\"publisher\":{\"@id\":\"https:\\\/\\\/www.praxismey.de\\\/en\\\/#\\\/schema\\\/person\\\/e4b6e66caef0d88c64e1c9e97f5b8524\"},\"potentialAction\":[{\"@type\":\"SearchAction\",\"target\":{\"@type\":\"EntryPoint\",\"urlTemplate\":\"https:\\\/\\\/www.praxismey.de\\\/en\\\/?s={search_term_string}\"},\"query-input\":{\"@type\":\"PropertyValueSpecification\",\"valueRequired\":true,\"valueName\":\"search_term_string\"}}],\"inLanguage\":\"en-US\"},{\"@type\":[\"Person\",\"Organization\"],\"@id\":\"https:\\\/\\\/www.praxismey.de\\\/en\\\/#\\\/schema\\\/person\\\/e4b6e66caef0d88c64e1c9e97f5b8524\",\"name\":\"Nadja Mey\",\"image\":{\"@type\":\"ImageObject\",\"inLanguage\":\"en-US\",\"@id\":\"https:\\\/\\\/www.praxismey.de\\\/wp-content\\\/uploads\\\/2021\\\/02\\\/drmey_teaser.jpg\",\"url\":\"https:\\\/\\\/www.praxismey.de\\\/wp-content\\\/uploads\\\/2021\\\/02\\\/drmey_teaser.jpg\",\"contentUrl\":\"https:\\\/\\\/www.praxismey.de\\\/wp-content\\\/uploads\\\/2021\\\/02\\\/drmey_teaser.jpg\",\"width\":2560,\"height\":1920,\"caption\":\"Nadja Mey\"},\"logo\":{\"@id\":\"https:\\\/\\\/www.praxismey.de\\\/wp-content\\\/uploads\\\/2021\\\/02\\\/drmey_teaser.jpg\"}}]}<\/script>\n<!-- \/ Yoast SEO plugin. -->","yoast_head_json":{"title":"Imprint - Practice Dr. Mey","robots":{"index":"index","follow":"follow","max-snippet":"max-snippet:-1","max-image-preview":"max-image-preview:large","max-video-preview":"max-video-preview:-1"},"canonical":"https:\/\/www.praxismey.de\/en\/imprint\/","og_locale":"en_US","og_type":"article","og_title":"Imprint - Practice Dr. Mey","og_url":"https:\/\/www.praxismey.de\/en\/imprint\/","og_site_name":"Practice Dr. Mey","article_modified_time":"2021-03-11T11:08:11+00:00","twitter_card":"summary_large_image","schema":{"@context":"https:\/\/schema.org","@graph":[{"@type":"WebPage","@id":"https:\/\/www.praxismey.de\/en\/imprint\/","url":"https:\/\/www.praxismey.de\/en\/imprint\/","name":"Imprint - Practice Dr. Mey","isPartOf":{"@id":"https:\/\/www.praxismey.de\/en\/#website"},"datePublished":"2021-01-12T18:54:32+00:00","dateModified":"2021-03-11T11:08:11+00:00","breadcrumb":{"@id":"https:\/\/www.praxismey.de\/en\/imprint\/#breadcrumb"},"inLanguage":"en-US","potentialAction":[{"@type":"ReadAction","target":["https:\/\/www.praxismey.de\/en\/imprint\/"]}]},{"@type":"BreadcrumbList","@id":"https:\/\/www.praxismey.de\/en\/imprint\/#breadcrumb","itemListElement":[{"@type":"ListItem","position":1,"name":"Startseite","item":"https:\/\/www.praxismey.de\/en\/"},{"@type":"ListItem","position":2,"name":"Imprint"}]},{"@type":"WebSite","@id":"https:\/\/www.praxismey.de\/en\/#website","url":"https:\/\/www.praxismey.de\/en\/","name":"Praxis Dr. Nadja Mey","description":"Holistic medicine in Meerbusch-B\u00fcderich","publisher":{"@id":"https:\/\/www.praxismey.de\/en\/#\/schema\/person\/e4b6e66caef0d88c64e1c9e97f5b8524"},"potentialAction":[{"@type":"SearchAction","target":{"@type":"EntryPoint","urlTemplate":"https:\/\/www.praxismey.de\/en\/?s={search_term_string}"},"query-input":{"@type":"PropertyValueSpecification","valueRequired":true,"valueName":"search_term_string"}}],"inLanguage":"en-US"},{"@type":["Person","Organization"],"@id":"https:\/\/www.praxismey.de\/en\/#\/schema\/person\/e4b6e66caef0d88c64e1c9e97f5b8524","name":"Nadja Mey","image":{"@type":"ImageObject","inLanguage":"en-US","@id":"https:\/\/www.praxismey.de\/wp-content\/uploads\/2021\/02\/drmey_teaser.jpg","url":"https:\/\/www.praxismey.de\/wp-content\/uploads\/2021\/02\/drmey_teaser.jpg","contentUrl":"https:\/\/www.praxismey.de\/wp-content\/uploads\/2021\/02\/drmey_teaser.jpg","width":2560,"height":1920,"caption":"Nadja Mey"},"logo":{"@id":"https:\/\/www.praxismey.de\/wp-content\/uploads\/2021\/02\/drmey_teaser.jpg"}}]}},"_links":{"self":[{"href":"https:\/\/www.praxismey.de\/en\/wp-json\/wp\/v2\/pages\/647","targetHints":{"allow":["GET"]}}],"collection":[{"href":"https:\/\/www.praxismey.de\/en\/wp-json\/wp\/v2\/pages"}],"about":[{"href":"https:\/\/www.praxismey.de\/en\/wp-json\/wp\/v2\/types\/page"}],"author":[{"embeddable":true,"href":"https:\/\/www.praxismey.de\/en\/wp-json\/wp\/v2\/users\/1"}],"replies":[{"embeddable":true,"href":"https:\/\/www.praxismey.de\/en\/wp-json\/wp\/v2\/comments?post=647"}],"version-history":[{"count":5,"href":"https:\/\/www.praxismey.de\/en\/wp-json\/wp\/v2\/pages\/647\/revisions"}],"predecessor-version":[{"id":725,"href":"https:\/\/www.praxismey.de\/en\/wp-json\/wp\/v2\/pages\/647\/revisions\/725"}],"wp:attachment":[{"href":"https:\/\/www.praxismey.de\/en\/wp-json\/wp\/v2\/media?parent=647"}],"curies":[{"name":"wp","href":"https:\/\/api.w.org\/{rel}","templated":true}]}}