{"id":643,"date":"2019-10-10T11:54:30","date_gmt":"2019-10-10T11:54:30","guid":{"rendered":"http:\/\/neu.praxismey.de\/praxis\/"},"modified":"2021-03-04T19:47:59","modified_gmt":"2021-03-04T19:47:59","slug":"practice","status":"publish","type":"page","link":"https:\/\/www.praxismey.de\/en\/practice\/","title":{"rendered":"Practice"},"content":{"rendered":"<div class=\"module slider animations\">\n\n    <div class=\"image-text__carousel slideshow\">\n        \n            <div class=\"slideshow__list\">\n\n                                    <div>\n                        <div class=\"slider__slide\">\n                            <div class=\"slider__image slider__parallax\" data-animation-type=\"slideshow\">\n                                \n    <picture\n                class=\"picture  picture--hero\"\n    >\n                <source data-srcset=\"https:\/\/www.praxismey.de\/wp-content\/uploads\/2021\/01\/Praxis-Dr-Nadja-Mey-Praxis-Flur-800x600.jpg\" media=\"(max-width: 700px)\" \/>\n                <source data-srcset=\"https:\/\/www.praxismey.de\/wp-content\/uploads\/2021\/01\/Praxis-Dr-Nadja-Mey-Praxis-Flur.jpg\" media=\"(max-width: 860px)\" \/>\n                <img decoding=\"async\"\n            src=\"\"\n            data-srcset=\"https:\/\/www.praxismey.de\/wp-content\/uploads\/2021\/01\/Praxis-Dr-Nadja-Mey-Praxis-Flur.jpg 1x, https:\/\/www.praxismey.de\/wp-content\/uploads\/2021\/01\/Praxis-Dr-Nadja-Mey-Praxis-Flur.jpg 2x\"\n            class=\"lazyload picture__image\"\n            alt=\"\"\n            \/>\n\n        <noscript>\n            <img decoding=\"async\" src=\"https:\/\/www.praxismey.de\/wp-content\/uploads\/2021\/01\/Praxis-Dr-Nadja-Mey-Praxis-Flur.jpg\" alt=\"\" \/>\n        <\/noscript>\n    <\/picture>\n\n                                <\/div>\n                                                        <div>                            <div class=\"slider__text\">\n                                                                                                    <h1 class=\"slider__text--headline\" data-animation-type=\"headline2\">Practice<\/h1>\n                                                                                            <\/div>\n                            <\/div>                        <\/div>\n                    <\/div>\n                                    <div>\n                        <div class=\"slider__slide\">\n                            <div class=\"slider__image slider__parallax\" data-animation-type=\"slideshow\">\n                                \n    <picture\n                class=\"picture  picture--hero\"\n    >\n                <source data-srcset=\"https:\/\/www.praxismey.de\/wp-content\/uploads\/2021\/01\/Praxis-Dr-Nadja-Mey-Praxis-Wartezimmer-800x600.jpg\" media=\"(max-width: 700px)\" \/>\n                <source data-srcset=\"https:\/\/www.praxismey.de\/wp-content\/uploads\/2021\/01\/Praxis-Dr-Nadja-Mey-Praxis-Wartezimmer.jpg\" media=\"(max-width: 860px)\" \/>\n                <img decoding=\"async\"\n            src=\"\"\n            data-srcset=\"https:\/\/www.praxismey.de\/wp-content\/uploads\/2021\/01\/Praxis-Dr-Nadja-Mey-Praxis-Wartezimmer.jpg 1x, https:\/\/www.praxismey.de\/wp-content\/uploads\/2021\/01\/Praxis-Dr-Nadja-Mey-Praxis-Wartezimmer.jpg 2x\"\n            class=\"lazyload picture__image\"\n            alt=\"\"\n            \/>\n\n        <noscript>\n            <img decoding=\"async\" src=\"https:\/\/www.praxismey.de\/wp-content\/uploads\/2021\/01\/Praxis-Dr-Nadja-Mey-Praxis-Wartezimmer.jpg\" alt=\"\" \/>\n        <\/noscript>\n    <\/picture>\n\n                                <\/div>\n                                                        <div>                            <div class=\"slider__text\">\n                                                                                                    <h1 class=\"slider__text--headline\" data-animation-type=\"headline2\">Practice<\/h1>\n                                                                                            <\/div>\n                            <\/div>                        <\/div>\n                    <\/div>\n                                    <div>\n                        <div class=\"slider__slide\">\n                            <div class=\"slider__image slider__parallax\" data-animation-type=\"slideshow\">\n                                \n    <picture\n                class=\"picture  picture--hero\"\n    >\n                <source data-srcset=\"https:\/\/www.praxismey.de\/wp-content\/uploads\/2021\/01\/Praxis-Dr-Nadja-Mey-Praxis-1-800x600.jpg\" media=\"(max-width: 700px)\" \/>\n                <source data-srcset=\"https:\/\/www.praxismey.de\/wp-content\/uploads\/2021\/01\/Praxis-Dr-Nadja-Mey-Praxis-1.jpg\" media=\"(max-width: 860px)\" \/>\n                <img decoding=\"async\"\n            src=\"\"\n            data-srcset=\"https:\/\/www.praxismey.de\/wp-content\/uploads\/2021\/01\/Praxis-Dr-Nadja-Mey-Praxis-1.jpg 1x, https:\/\/www.praxismey.de\/wp-content\/uploads\/2021\/01\/Praxis-Dr-Nadja-Mey-Praxis-1.jpg 2x\"\n            class=\"lazyload picture__image\"\n            alt=\"\"\n            \/>\n\n        <noscript>\n            <img decoding=\"async\" src=\"https:\/\/www.praxismey.de\/wp-content\/uploads\/2021\/01\/Praxis-Dr-Nadja-Mey-Praxis-1.jpg\" alt=\"\" \/>\n        <\/noscript>\n    <\/picture>\n\n                                <\/div>\n                                                        <div>                            <div class=\"slider__text\">\n                                                                                                    <h1 class=\"slider__text--headline\" data-animation-type=\"headline2\">Practice<\/h1>\n                                                                                            <\/div>\n                            <\/div>                        <\/div>\n                    <\/div>\n                \n            <\/div>\n            <\/div>\n\n<\/div>\n\n\n<div class=\"module text-columns animations\">\n    <div class=\"container\">\n        \n                            <div class=\"grid grid--big-gaps size--t-6 size--tp-6\">\n                                    <div class=\"text-columns__item\">\n                        <div class=\"text-columns__item--image\" data-animation-type=\"image\">\n                                                     <\/div>\n\n                        <div class=\"text-columns__item--text\" data-animation-type=\"text\">\n                            <p>My practice is located in Meerbusch-B\u00fcderich in Dorfstrasse, which is also home to many shops, boutiques and caf\u00e9s. It is on the 2nd floor with a lift and is barrier-free. The practice can also be reached quickly from D\u00fcsseldorf.<\/p>\n\n                                                    <\/div>\n\n                    <\/div>\n                                    <div class=\"text-columns__item\">\n                        <div class=\"text-columns__item--image\" data-animation-type=\"image\">\n                                                     <\/div>\n\n                        <div class=\"text-columns__item--text\" data-animation-type=\"text\">\n                            <p>The Mey practice is an appointment-only practice, which means that acute patients are also asked to call in advance. You will receive an appointment on the same day. This way we can ensure that there are no unnecessary waiting times. We ask for your understanding that acute appointments (10 minutes) are really only used in acute cases and for detailed appointments 30 or 60 minute appointments should be planned accordingly.<\/p>\n\n                                                    <\/div>\n\n                    <\/div>\n                            <\/div>\n            <\/div>\n<\/div>\n","protected":false},"excerpt":{"rendered":"","protected":false},"author":1,"featured_media":0,"parent":0,"menu_order":17,"comment_status":"closed","ping_status":"closed","template":"","meta":{"_acf_changed":false,"footnotes":""},"class_list":["post-643","page","type-page","status-publish","hentry"],"acf":[],"yoast_head":"<!-- This site is optimized with the Yoast SEO plugin v27.5 - https:\/\/yoast.com\/product\/yoast-seo-wordpress\/ -->\n<title>Practice - Practice Dr. Mey<\/title>\n<meta name=\"robots\" content=\"index, follow, max-snippet:-1, max-image-preview:large, max-video-preview:-1\" \/>\n<link rel=\"canonical\" href=\"https:\/\/www.praxismey.de\/en\/practice\/\" \/>\n<meta property=\"og:locale\" content=\"en_US\" \/>\n<meta property=\"og:type\" content=\"article\" \/>\n<meta property=\"og:title\" content=\"Practice - Practice Dr. Mey\" \/>\n<meta property=\"og:url\" content=\"https:\/\/www.praxismey.de\/en\/practice\/\" \/>\n<meta property=\"og:site_name\" content=\"Practice Dr. Mey\" \/>\n<meta property=\"article:modified_time\" content=\"2021-03-04T19:47:59+00:00\" \/>\n<meta name=\"twitter:card\" content=\"summary_large_image\" \/>\n<script type=\"application\/ld+json\" class=\"yoast-schema-graph\">{\"@context\":\"https:\\\/\\\/schema.org\",\"@graph\":[{\"@type\":\"WebPage\",\"@id\":\"https:\\\/\\\/www.praxismey.de\\\/en\\\/practice\\\/\",\"url\":\"https:\\\/\\\/www.praxismey.de\\\/en\\\/practice\\\/\",\"name\":\"Practice - Practice Dr. Mey\",\"isPartOf\":{\"@id\":\"https:\\\/\\\/www.praxismey.de\\\/en\\\/#website\"},\"datePublished\":\"2019-10-10T11:54:30+00:00\",\"dateModified\":\"2021-03-04T19:47:59+00:00\",\"breadcrumb\":{\"@id\":\"https:\\\/\\\/www.praxismey.de\\\/en\\\/practice\\\/#breadcrumb\"},\"inLanguage\":\"en-US\",\"potentialAction\":[{\"@type\":\"ReadAction\",\"target\":[\"https:\\\/\\\/www.praxismey.de\\\/en\\\/practice\\\/\"]}]},{\"@type\":\"BreadcrumbList\",\"@id\":\"https:\\\/\\\/www.praxismey.de\\\/en\\\/practice\\\/#breadcrumb\",\"itemListElement\":[{\"@type\":\"ListItem\",\"position\":1,\"name\":\"Startseite\",\"item\":\"https:\\\/\\\/www.praxismey.de\\\/en\\\/\"},{\"@type\":\"ListItem\",\"position\":2,\"name\":\"Practice\"}]},{\"@type\":\"WebSite\",\"@id\":\"https:\\\/\\\/www.praxismey.de\\\/en\\\/#website\",\"url\":\"https:\\\/\\\/www.praxismey.de\\\/en\\\/\",\"name\":\"Praxis Dr. Nadja Mey\",\"description\":\"Holistic medicine in Meerbusch-B\u00fcderich\",\"publisher\":{\"@id\":\"https:\\\/\\\/www.praxismey.de\\\/en\\\/#\\\/schema\\\/person\\\/e4b6e66caef0d88c64e1c9e97f5b8524\"},\"potentialAction\":[{\"@type\":\"SearchAction\",\"target\":{\"@type\":\"EntryPoint\",\"urlTemplate\":\"https:\\\/\\\/www.praxismey.de\\\/en\\\/?s={search_term_string}\"},\"query-input\":{\"@type\":\"PropertyValueSpecification\",\"valueRequired\":true,\"valueName\":\"search_term_string\"}}],\"inLanguage\":\"en-US\"},{\"@type\":[\"Person\",\"Organization\"],\"@id\":\"https:\\\/\\\/www.praxismey.de\\\/en\\\/#\\\/schema\\\/person\\\/e4b6e66caef0d88c64e1c9e97f5b8524\",\"name\":\"Nadja Mey\",\"image\":{\"@type\":\"ImageObject\",\"inLanguage\":\"en-US\",\"@id\":\"https:\\\/\\\/www.praxismey.de\\\/wp-content\\\/uploads\\\/2021\\\/02\\\/drmey_teaser.jpg\",\"url\":\"https:\\\/\\\/www.praxismey.de\\\/wp-content\\\/uploads\\\/2021\\\/02\\\/drmey_teaser.jpg\",\"contentUrl\":\"https:\\\/\\\/www.praxismey.de\\\/wp-content\\\/uploads\\\/2021\\\/02\\\/drmey_teaser.jpg\",\"width\":2560,\"height\":1920,\"caption\":\"Nadja Mey\"},\"logo\":{\"@id\":\"https:\\\/\\\/www.praxismey.de\\\/wp-content\\\/uploads\\\/2021\\\/02\\\/drmey_teaser.jpg\"}}]}<\/script>\n<!-- \/ Yoast SEO plugin. -->","yoast_head_json":{"title":"Practice - Practice Dr. Mey","robots":{"index":"index","follow":"follow","max-snippet":"max-snippet:-1","max-image-preview":"max-image-preview:large","max-video-preview":"max-video-preview:-1"},"canonical":"https:\/\/www.praxismey.de\/en\/practice\/","og_locale":"en_US","og_type":"article","og_title":"Practice - Practice Dr. Mey","og_url":"https:\/\/www.praxismey.de\/en\/practice\/","og_site_name":"Practice Dr. Mey","article_modified_time":"2021-03-04T19:47:59+00:00","twitter_card":"summary_large_image","schema":{"@context":"https:\/\/schema.org","@graph":[{"@type":"WebPage","@id":"https:\/\/www.praxismey.de\/en\/practice\/","url":"https:\/\/www.praxismey.de\/en\/practice\/","name":"Practice - Practice Dr. Mey","isPartOf":{"@id":"https:\/\/www.praxismey.de\/en\/#website"},"datePublished":"2019-10-10T11:54:30+00:00","dateModified":"2021-03-04T19:47:59+00:00","breadcrumb":{"@id":"https:\/\/www.praxismey.de\/en\/practice\/#breadcrumb"},"inLanguage":"en-US","potentialAction":[{"@type":"ReadAction","target":["https:\/\/www.praxismey.de\/en\/practice\/"]}]},{"@type":"BreadcrumbList","@id":"https:\/\/www.praxismey.de\/en\/practice\/#breadcrumb","itemListElement":[{"@type":"ListItem","position":1,"name":"Startseite","item":"https:\/\/www.praxismey.de\/en\/"},{"@type":"ListItem","position":2,"name":"Practice"}]},{"@type":"WebSite","@id":"https:\/\/www.praxismey.de\/en\/#website","url":"https:\/\/www.praxismey.de\/en\/","name":"Praxis Dr. Nadja Mey","description":"Holistic medicine in Meerbusch-B\u00fcderich","publisher":{"@id":"https:\/\/www.praxismey.de\/en\/#\/schema\/person\/e4b6e66caef0d88c64e1c9e97f5b8524"},"potentialAction":[{"@type":"SearchAction","target":{"@type":"EntryPoint","urlTemplate":"https:\/\/www.praxismey.de\/en\/?s={search_term_string}"},"query-input":{"@type":"PropertyValueSpecification","valueRequired":true,"valueName":"search_term_string"}}],"inLanguage":"en-US"},{"@type":["Person","Organization"],"@id":"https:\/\/www.praxismey.de\/en\/#\/schema\/person\/e4b6e66caef0d88c64e1c9e97f5b8524","name":"Nadja Mey","image":{"@type":"ImageObject","inLanguage":"en-US","@id":"https:\/\/www.praxismey.de\/wp-content\/uploads\/2021\/02\/drmey_teaser.jpg","url":"https:\/\/www.praxismey.de\/wp-content\/uploads\/2021\/02\/drmey_teaser.jpg","contentUrl":"https:\/\/www.praxismey.de\/wp-content\/uploads\/2021\/02\/drmey_teaser.jpg","width":2560,"height":1920,"caption":"Nadja Mey"},"logo":{"@id":"https:\/\/www.praxismey.de\/wp-content\/uploads\/2021\/02\/drmey_teaser.jpg"}}]}},"_links":{"self":[{"href":"https:\/\/www.praxismey.de\/en\/wp-json\/wp\/v2\/pages\/643","targetHints":{"allow":["GET"]}}],"collection":[{"href":"https:\/\/www.praxismey.de\/en\/wp-json\/wp\/v2\/pages"}],"about":[{"href":"https:\/\/www.praxismey.de\/en\/wp-json\/wp\/v2\/types\/page"}],"author":[{"embeddable":true,"href":"https:\/\/www.praxismey.de\/en\/wp-json\/wp\/v2\/users\/1"}],"replies":[{"embeddable":true,"href":"https:\/\/www.praxismey.de\/en\/wp-json\/wp\/v2\/comments?post=643"}],"version-history":[{"count":4,"href":"https:\/\/www.praxismey.de\/en\/wp-json\/wp\/v2\/pages\/643\/revisions"}],"predecessor-version":[{"id":686,"href":"https:\/\/www.praxismey.de\/en\/wp-json\/wp\/v2\/pages\/643\/revisions\/686"}],"wp:attachment":[{"href":"https:\/\/www.praxismey.de\/en\/wp-json\/wp\/v2\/media?parent=643"}],"curies":[{"name":"wp","href":"https:\/\/api.w.org\/{rel}","templated":true}]}}